{"id":487,"date":"2024-04-24T09:31:44","date_gmt":"2024-04-24T07:31:44","guid":{"rendered":"https:\/\/udanabudowa.pl\/?page_id=487"},"modified":"2024-07-24T08:43:56","modified_gmt":"2024-07-24T06:43:56","slug":"kosztorys","status":"publish","type":"page","link":"https:\/\/udanabudowa.pl\/blog\/kosztorys\/","title":{"rendered":"Kosztorys"},"content":{"rendered":"\n<p>Budowa zaczyna si\u0119 od kosztorysu.<\/p>\n\n\n\n<p>Niestety na rynku nie ma jednolitego standardu wyceny, dlatego trudno jest por\u00f3wna\u0107 wyceny r\u00f3\u017cnych wykonawc\u00f3w.<strong> &nbsp;Czyli w skr\u00f3cie \u2013 ka\u017cdy wycenia inaczej.<\/strong><\/p>\n\n\n\n<p><strong>Je\u017celi chcesz:<\/strong><\/p>\n\n\n\n<ul>\n<li>uzyska\u0107 szczeg\u00f3\u0142owy, rzetelny kosztorys;<\/li>\n<\/ul>\n\n\n\n<ul>\n<li>dowiedzie\u0107 si\u0119, ile realnie kosztuje budowa Twojego domu;<\/li>\n<\/ul>\n\n\n\n<ul>\n<li>uzyska\u0107 wskaz\u00f3wki, w jaki spos\u00f3b bez utraty jako\u015bci optymalizowa\u0107 koszty budowy<\/li>\n<\/ul>\n\n\n\n<p><strong>Skontaktuj si\u0119 z nami mailowo: \u00a0<\/strong><a href=\"mailto:kontakt@udanabudowa.pl\"><strong>kontakt@udanabudowa.pl<\/strong><\/a><strong>,<\/strong> <strong>lub telefonicznie: 733\u00a0802\u00a080<\/strong>1<\/p>\n\n\n\n<p>Czas przygotowania przez nas kosztorysu r\u00f3\u017cni si\u0119 w zale\u017cno\u015bci od domu oraz zakresu wyceny, ale nie przekracza 2 tygodni.<\/p>\n\n\n\n<p>Razem z przygotowanym kosztorysem dostarczymy praktyczne wskaz\u00f3wki realizacyjne oraz wsp\u00f3lnie om\u00f3wimy poszczeg\u00f3lne elementy kosztorysu (mo\u017cliwe <a href=\"https:\/\/calendly.com\/udanabudowa\/spotkanie\" data-type=\"link\" data-id=\"https:\/\/calendly.com\/udanabudowa\/spotkanie\">video- spotkanie<\/a> lub <a href=\"https:\/\/calendly.com\/udanabudowa\/spotkanie\" data-type=\"link\" data-id=\"https:\/\/calendly.com\/udanabudowa\/spotkanie\">spotkanie w biurze<\/a>)<\/p>\n\n\n\n<p>Dzi\u0119ki temu uzyskasz szczeg\u00f3\u0142owy zakres wyceny, kt\u00f3ry b\u0119dzie \u0142atwiej por\u00f3wna\u0107 mi\u0119dzy innymi wykonawcami. Po uzyskaniu takiej wyceny mo\u017cesz r\u00f3wnie\u017c zleci\u0107 budow\u0119 naszej firmie \ud83d\ude42<\/p>\n\n\n\n<p><strong>Chcesz dowiedzie\u0107 si\u0119 wi\u0119cej odno\u015bnie kosztorys\u00f3w?<\/strong><\/p>\n\n\n\n<p>Zach\u0119camy do wys\u0142uchania naszego videopodcastu: <a href=\"https:\/\/www.youtube.com\/watch?v=MTBl9CV_TKw\">https:\/\/www.youtube.com\/watch?v=MTBl9CV_TKw<\/a><\/p>\n\n\n\n<p><\/p>\n","protected":false},"excerpt":{"rendered":"<p>Budowa zaczyna si\u0119 od kosztorysu. Niestety na rynku nie ma jednolitego standardu wyceny, dlatego trudno jest por\u00f3wna\u0107 wyceny r\u00f3\u017cnych wykonawc\u00f3w. &nbsp;Czyli w skr\u00f3cie \u2013 ka\u017cdy wycenia inaczej. Je\u017celi chcesz: Skontaktuj si\u0119 z nami mailowo: \u00a0kontakt@udanabudowa.pl, lub telefonicznie: 733\u00a0802\u00a0801 Czas przygotowania przez nas kosztorysu r\u00f3\u017cni si\u0119 w zale\u017cno\u015bci od domu oraz zakresu wyceny, ale nie przekracza [&hellip;]<\/p>\n","protected":false},"author":1,"featured_media":0,"parent":0,"menu_order":0,"comment_status":"closed","ping_status":"closed","template":"","meta":{"footnotes":""},"acf":[],"_links":{"self":[{"href":"https:\/\/udanabudowa.pl\/blog\/wp-json\/wp\/v2\/pages\/487"}],"collection":[{"href":"https:\/\/udanabudowa.pl\/blog\/wp-json\/wp\/v2\/pages"}],"about":[{"href":"https:\/\/udanabudowa.pl\/blog\/wp-json\/wp\/v2\/types\/page"}],"author":[{"embeddable":true,"href":"https:\/\/udanabudowa.pl\/blog\/wp-json\/wp\/v2\/users\/1"}],"replies":[{"embeddable":true,"href":"https:\/\/udanabudowa.pl\/blog\/wp-json\/wp\/v2\/comments?post=487"}],"version-history":[{"count":5,"href":"https:\/\/udanabudowa.pl\/blog\/wp-json\/wp\/v2\/pages\/487\/revisions"}],"predecessor-version":[{"id":572,"href":"https:\/\/udanabudowa.pl\/blog\/wp-json\/wp\/v2\/pages\/487\/revisions\/572"}],"wp:attachment":[{"href":"https:\/\/udanabudowa.pl\/blog\/wp-json\/wp\/v2\/media?parent=487"}],"curies":[{"name":"wp","href":"https:\/\/api.w.org\/{rel}","templated":true}]}}