{"id":365,"date":"2024-04-15T14:52:09","date_gmt":"2024-04-15T12:52:09","guid":{"rendered":"https:\/\/udanabudowa.pl\/?page_id=365"},"modified":"2025-09-25T15:40:24","modified_gmt":"2025-09-25T13:40:24","slug":"wspolpraca","status":"publish","type":"page","link":"https:\/\/udanabudowa.pl\/blog\/wspolpraca\/","title":{"rendered":"Wsp\u00f3\u0142praca"},"content":{"rendered":"\n<p>Ci, kt\u00f3rzy mieli ju\u017c do czynienia z ekipami budowlanymi, dobrze wiedz\u0105, jak wygl\u0105da rzeczywisto\u015b\u0107 na budowie: niedom\u00f3wienia, bagatelizowanie szczeg\u00f3\u0142\u00f3w, brak planu, kombinowanie i brak uczciwego podej\u015bcia. To wszystko prowadzi do dodatkowych koszt\u00f3w, a w konsekwencji do jeszcze wy\u017cszej ceny \u2013 nie tylko finansowej, ale tak\u017ce emocjonalnej: nerwy, stres i pogorszenie zdrowia.<\/p>\n\n\n\n<p><strong>Naszymi dzia\u0142aniami edukacyjnymi chcemy to zmieni\u0107.<\/strong><br>Wprowadzamy standardy, kt\u00f3re u\u0142atwiaj\u0105 weryfikacj\u0119 ekipy i kierownika budowy oraz pozwalaj\u0105 zaplanowa\u0107 budow\u0119 tak, by by\u0142a przewidywalna i mo\u017cliwie bezproblemowa.<br>Pami\u0119taj \u2013 w budowie nie ma dr\u00f3g na skr\u00f3ty. Je\u015bli Twoim celem jest udana budowa domu, kluczowe jest dok\u0142adne planowanie.<\/p>\n\n\n\n<p>Naszym celem jest realna pomoc w budowie domu poprzez stworzenie modelu, kt\u00f3ry sprawia, \u017ce budowa staje si\u0119 udana i optymalna kosztowo. Tak \u2013 udana budowa nie musi by\u0107 droga. Wr\u0119cz przeciwnie, mamy na to sprawdzony spos\u00f3b!<\/p>\n\n\n\n<p>Dysponujemy wiedz\u0105 i do\u015bwiadczeniem zdobytym przy realizacji ponad 200 dom\u00f3w jednorodzinnych. Nasze praktyki i obserwacje zebrali\u015bmy w formie checklist i instrukcji, kt\u00f3re wykorzystujemy na co dzie\u0144.<\/p>\n\n\n\n<p><strong>Klucz do sukcesu to procedury, checklisty i plan.<\/strong><br>Dzi\u0119ki nim unikamy niedom\u00f3wie\u0144 i minimalizujemy ilo\u015b\u0107 b\u0142\u0119d\u00f3w. A to s\u0105 prawdziwe oszcz\u0119dno\u015bci!<\/p>\n\n\n\n<h3 class=\"wp-block-heading\">Formu\u0142a naszego dzia\u0142ania jest prosta:<\/h3>\n\n\n\n<ul>\n<li>dok\u0142adny plan przed rozpocz\u0119ciem budowy,<\/li>\n\n\n\n<li>szczeg\u00f3\u0142owa kontrola ze strony kierownika budowy,<\/li>\n\n\n\n<li>zaanga\u017cowany koordynator czuwaj\u0105cy nad ca\u0142ym procesem,<\/li>\n\n\n\n<li>rzetelna rekrutacja i weryfikacja uczciwych ekip.<\/li>\n<\/ul>\n\n\n\n<p>To uniwersalne warto\u015bci dla ka\u017cdej budowy. Niestety wi\u0119kszo\u015b\u0107 inwestor\u00f3w nie jest przygotowana, nie wie, na co zwraca\u0107 uwag\u0119 i nie ma odpowiednich narz\u0119dzi. To prowadzi do kosztownych b\u0142\u0119d\u00f3w.<\/p>\n\n\n\n<h3 class=\"wp-block-heading\">Je\u017celi:<\/h3>\n\n\n\n<ul>\n<li>nie chcesz pope\u0142nia\u0107 kosztownych b\u0142\u0119d\u00f3w,<\/li>\n\n\n\n<li>chcesz wyeliminowa\u0107 wi\u0119kszo\u015b\u0107 niedom\u00f3wie\u0144,<\/li>\n\n\n\n<li>nie chcesz przep\u0142aca\u0107,<\/li>\n\n\n\n<li>zale\u017cy Ci na budowie bez stresu i przeci\u0105gania termin\u00f3w, mamy dla Ciebie dwie propozycje:<\/li>\n<\/ul>\n\n\n\n<p class=\"has-regular-font-size\"><strong>1. Gotowe, zoptymalizowane projekty dom\u00f3w<\/strong><br>\ud83d\udc49 <a href=\"http:\/\/www.domekonomiczny.pl\">www.domekonomiczny.pl<\/a><\/p>\n\n\n\n<p class=\"has-regular-font-size\">Wi\u0119cej o budowie z nami: <a href=\"https:\/\/udanabudowa.pl\/budowa\/\">https:\/\/udanabudowa.pl\/budowa\/<\/a><\/p>\n\n\n\n<p class=\"has-regular-font-size\"><strong>2. Koordynacja budowy projekt\u00f3w indywidualnych<\/strong><br>Je\u015bli wybierzesz projekt spoza naszej oferty, mo\u017cemy zaj\u0105\u0107 si\u0119 jego kompleksow\u0105 koordynacj\u0105. Jak to wygl\u0105da w praktyce?<\/p>\n\n\n\n<p>Zawsze zaczynamy od wst\u0119pnego kosztorysu. Na pocz\u0105tku ustalamy zakres prac, harmonogram i powi\u0105zania mi\u0119dzy etapami. Efektem jest kosztorys, na podstawie kt\u00f3rego inwestor podejmuje decyzj\u0119 o dalszej wsp\u00f3\u0142pracy.<\/p>\n\n\n\n<p>Naszym celem s\u0105 realne oszcz\u0119dno\u015bci dla inwestora.<\/p>\n\n\n\n<ul>\n<li>W przypadku wsp\u00f3\u0142pracy z klasycznym generalnym wykonawc\u0105 (w projektach indywidualnych) Inwestor p\u0142aci najcz\u0119\u015bciej nawet <strong>100% mar\u017cy<\/strong>.<\/li>\n\n\n\n<li>Nasze wynagrodzenie (ok. 15%) jest faktyczn\u0105 oszcz\u0119dno\u015bci\u0105, poniewa\u017c korzystamy z wynegocjowanych stawek z ekipami i materia\u0142ami oraz eliminujemy b\u0142\u0119dy, kt\u00f3re na budowie potrafi\u0105 kosztowa\u0107 fortun\u0119.<\/li>\n<\/ul>\n","protected":false},"excerpt":{"rendered":"<p>Ci, kt\u00f3rzy mieli ju\u017c do czynienia z ekipami budowlanymi, dobrze wiedz\u0105, jak wygl\u0105da rzeczywisto\u015b\u0107 na budowie: niedom\u00f3wienia, bagatelizowanie szczeg\u00f3\u0142\u00f3w, brak planu, kombinowanie i brak uczciwego podej\u015bcia. To wszystko prowadzi do dodatkowych koszt\u00f3w, a w konsekwencji do jeszcze wy\u017cszej ceny \u2013 nie tylko finansowej, ale tak\u017ce emocjonalnej: nerwy, stres i pogorszenie zdrowia. Naszymi dzia\u0142aniami edukacyjnymi chcemy [&hellip;]<\/p>\n","protected":false},"author":3,"featured_media":0,"parent":0,"menu_order":0,"comment_status":"closed","ping_status":"closed","template":"","meta":{"footnotes":""},"acf":[],"_links":{"self":[{"href":"https:\/\/udanabudowa.pl\/blog\/wp-json\/wp\/v2\/pages\/365"}],"collection":[{"href":"https:\/\/udanabudowa.pl\/blog\/wp-json\/wp\/v2\/pages"}],"about":[{"href":"https:\/\/udanabudowa.pl\/blog\/wp-json\/wp\/v2\/types\/page"}],"author":[{"embeddable":true,"href":"https:\/\/udanabudowa.pl\/blog\/wp-json\/wp\/v2\/users\/3"}],"replies":[{"embeddable":true,"href":"https:\/\/udanabudowa.pl\/blog\/wp-json\/wp\/v2\/comments?post=365"}],"version-history":[{"count":7,"href":"https:\/\/udanabudowa.pl\/blog\/wp-json\/wp\/v2\/pages\/365\/revisions"}],"predecessor-version":[{"id":807,"href":"https:\/\/udanabudowa.pl\/blog\/wp-json\/wp\/v2\/pages\/365\/revisions\/807"}],"wp:attachment":[{"href":"https:\/\/udanabudowa.pl\/blog\/wp-json\/wp\/v2\/media?parent=365"}],"curies":[{"name":"wp","href":"https:\/\/api.w.org\/{rel}","templated":true}]}}