{"id":270,"date":"2024-01-10T09:31:44","date_gmt":"2024-01-10T08:31:44","guid":{"rendered":"https:\/\/udanabudowa.pl\/?page_id=270"},"modified":"2024-04-24T07:37:19","modified_gmt":"2024-04-24T05:37:19","slug":"kontakt","status":"publish","type":"page","link":"https:\/\/udanabudowa.pl\/blog\/kontakt\/","title":{"rendered":"Kontakt"},"content":{"rendered":"\n<p>Skontaktuj si\u0119 z nami telefonicznie <strong>733 802 801<\/strong> lub poprzez formularz: <\/p>\n\n\n<style id=\"wpforms-css-vars-root\">\n\t\t\t\t:root {\n\t\t\t\t\t--wpforms-field-border-radius: 3px;\n--wpforms-field-background-color: #ffffff;\n--wpforms-field-border-color: rgba( 0, 0, 0, 0.25 );\n--wpforms-field-text-color: rgba( 0, 0, 0, 0.7 );\n--wpforms-label-color: rgba( 0, 0, 0, 0.85 );\n--wpforms-label-sublabel-color: rgba( 0, 0, 0, 0.55 );\n--wpforms-label-error-color: #d63637;\n--wpforms-button-border-radius: 3px;\n--wpforms-button-background-color: #066aab;\n--wpforms-button-text-color: #ffffff;\n--wpforms-field-size-input-height: 43px;\n--wpforms-field-size-input-spacing: 15px;\n--wpforms-field-size-font-size: 16px;\n--wpforms-field-size-line-height: 19px;\n--wpforms-field-size-padding-h: 14px;\n--wpforms-field-size-checkbox-size: 16px;\n--wpforms-field-size-sublabel-spacing: 5px;\n--wpforms-field-size-icon-size: 1;\n--wpforms-label-size-font-size: 16px;\n--wpforms-label-size-line-height: 19px;\n--wpforms-label-size-sublabel-font-size: 14px;\n--wpforms-label-size-sublabel-line-height: 17px;\n--wpforms-button-size-font-size: 17px;\n--wpforms-button-size-height: 41px;\n--wpforms-button-size-padding-h: 15px;\n--wpforms-button-size-margin-top: 10px;\n\n\t\t\t\t}\n\t\t\t<\/style><div class=\"wpforms-container wpforms-container-full wpforms-block wpforms-block-ba6b6d88-9f9c-4d51-aef4-0e48f2ee2267 pb-12 wpforms-render-modern\" id=\"wpforms-268\"><form id=\"wpforms-form-268\" class=\"wpforms-validate wpforms-form wpforms-ajax-form\" data-formid=\"268\" method=\"post\" enctype=\"multipart\/form-data\" action=\"\/blog\/wp-json\/wp\/v2\/pages\/270\" data-token=\"98da9902e5c4644c7d82cf68809d414c\"><noscript class=\"wpforms-error-noscript\">Aby wype\u0142ni\u0107 ten formularz, w\u0142\u0105cz obs\u0142ug\u0119 JavaScript w przegl\u0105darce.<\/noscript><div class=\"wpforms-hidden\" id=\"wpforms-error-noscript\">Aby wype\u0142ni\u0107 ten formularz, w\u0142\u0105cz obs\u0142ug\u0119 JavaScript w przegl\u0105darce.<\/div><div class=\"wpforms-field-container\"><div id=\"wpforms-268-field_0-container\" class=\"wpforms-field wpforms-field-name\" data-field-id=\"0\"><label class=\"wpforms-field-label\" for=\"wpforms-268-field_0\">Imi\u0119 i nazwisko <span class=\"wpforms-required-label\" aria-hidden=\"true\">*<\/span><\/label><input type=\"text\" id=\"wpforms-268-field_0\" class=\"wpforms-field-large wpforms-field-required\" name=\"wpforms[fields][0]\" aria-errormessage=\"wpforms-268-field_0-error\" required><\/div><div id=\"wpforms-268-field_1-container\" class=\"wpforms-field wpforms-field-email\" data-field-id=\"1\"><label class=\"wpforms-field-label\" for=\"wpforms-268-field_1\">Adres E-mail <span class=\"wpforms-required-label\" aria-hidden=\"true\">*<\/span><\/label><input type=\"email\" id=\"wpforms-268-field_1\" class=\"wpforms-field-large wpforms-field-required\" name=\"wpforms[fields][1]\" spellcheck=\"false\" aria-errormessage=\"wpforms-268-field_1-error\" required><\/div><div id=\"wpforms-268-field_2-container\" class=\"wpforms-field wpforms-field-textarea\" data-field-id=\"2\"><label class=\"wpforms-field-label\" for=\"wpforms-268-field_2\">Wiadomo\u015b\u0107 <span class=\"wpforms-required-label\" aria-hidden=\"true\">*<\/span><\/label><textarea id=\"wpforms-268-field_2\" class=\"wpforms-field-medium wpforms-field-required\" name=\"wpforms[fields][2]\" aria-errormessage=\"wpforms-268-field_2-error\" required><\/textarea><\/div><div id=\"wpforms-268-field_4-container\" class=\"wpforms-field wpforms-field-checkbox\" data-field-id=\"4\"><fieldset><legend class=\"wpforms-field-label wpforms-label-hide\" aria-hidden=\"false\">Zgody <span class=\"wpforms-required-label\" aria-hidden=\"true\">*<\/span><\/legend><ul id=\"wpforms-268-field_4\" class=\"wpforms-field-required\"><li class=\"choice-1 depth-1\"><input type=\"checkbox\" id=\"wpforms-268-field_4_1\" name=\"wpforms[fields][4][]\" value=\"Wyra\u017cam zgod\u0119 na przesy\u0142anie przez Us\u0142ugodawc\u0119 informacji handlowych na podany adres poczty elektronicznej.\" aria-errormessage=\"wpforms-268-field_4_1-error\" aria-describedby=\"wpforms-268-field_4-description\" required ><label class=\"wpforms-field-label-inline\" for=\"wpforms-268-field_4_1\">Wyra\u017cam zgod\u0119 na przesy\u0142anie przez Us\u0142ugodawc\u0119 informacji handlowych na podany adres poczty elektronicznej.<\/label><\/li><\/ul><div id=\"wpforms-268-field_4-description\" class=\"wpforms-field-description\">Informujemy, \u017ce zgoda jest dobrowolna i b\u0119dziesz m\u00f3g\u0142 wycofa\u0107 j\u0105 w dowolnym momencie.\r\nSzczeg\u00f3\u0142owe zasady przetwarzania danych osobowych opisane s\u0105 w <a href=\"https:\/\/sklep.udanabudowa.pl\/privacy-policy\/\" target=\"_blank\" rel=\"noopener noreferrer\">polityce prywatno\u015bci<\/a>.<\/div><\/fieldset><\/div><\/div><!-- .wpforms-field-container --><div class=\"wpforms-recaptcha-container wpforms-is-recaptcha\" ><div class=\"g-recaptcha\" data-sitekey=\"6Le3VcMpAAAAAH49lDZnWL8hcd_yTLJ97wLKjt7F\"><\/div><input type=\"text\" name=\"g-recaptcha-hidden\" class=\"wpforms-recaptcha-hidden\" style=\"position:absolute!important;clip:rect(0,0,0,0)!important;height:1px!important;width:1px!important;border:0!important;overflow:hidden!important;padding:0!important;margin:0!important;\" data-rule-recaptcha=\"1\"><\/div><div class=\"wpforms-submit-container\" ><input type=\"hidden\" name=\"wpforms[id]\" value=\"268\"><input type=\"hidden\" name=\"wpforms[author]\" value=\"1\"><button type=\"submit\" name=\"wpforms[submit]\" id=\"wpforms-submit-268\" class=\"wpforms-submit\" data-alt-text=\"Wysy\u0142anie...\" data-submit-text=\"Wy\u015blij\" aria-live=\"assertive\" value=\"wpforms-submit\">Wy\u015blij<\/button><img decoding=\"async\" loading=\"lazy\" src=\"https:\/\/udanabudowa.pl\/blog\/wp-content\/plugins\/wpforms-lite\/assets\/images\/submit-spin.svg\" class=\"wpforms-submit-spinner\" style=\"display: none;\" width=\"26\" height=\"26\" alt=\"Wczytywanie\"><\/div><\/form><\/div>  <!-- .wpforms-container -->","protected":false},"excerpt":{"rendered":"<p>Skontaktuj si\u0119 z nami telefonicznie 733 802 801 lub poprzez formularz:<\/p>\n","protected":false},"author":1,"featured_media":0,"parent":0,"menu_order":0,"comment_status":"closed","ping_status":"closed","template":"","meta":{"footnotes":""},"acf":[],"_links":{"self":[{"href":"https:\/\/udanabudowa.pl\/blog\/wp-json\/wp\/v2\/pages\/270"}],"collection":[{"href":"https:\/\/udanabudowa.pl\/blog\/wp-json\/wp\/v2\/pages"}],"about":[{"href":"https:\/\/udanabudowa.pl\/blog\/wp-json\/wp\/v2\/types\/page"}],"author":[{"embeddable":true,"href":"https:\/\/udanabudowa.pl\/blog\/wp-json\/wp\/v2\/users\/1"}],"replies":[{"embeddable":true,"href":"https:\/\/udanabudowa.pl\/blog\/wp-json\/wp\/v2\/comments?post=270"}],"version-history":[{"count":3,"href":"https:\/\/udanabudowa.pl\/blog\/wp-json\/wp\/v2\/pages\/270\/revisions"}],"predecessor-version":[{"id":486,"href":"https:\/\/udanabudowa.pl\/blog\/wp-json\/wp\/v2\/pages\/270\/revisions\/486"}],"wp:attachment":[{"href":"https:\/\/udanabudowa.pl\/blog\/wp-json\/wp\/v2\/media?parent=270"}],"curies":[{"name":"wp","href":"https:\/\/api.w.org\/{rel}","templated":true}]}}