{"id":18,"date":"2023-10-06T13:48:19","date_gmt":"2023-10-06T11:48:19","guid":{"rendered":"https:\/\/udanabudowa.pl\/?page_id=18"},"modified":"2025-03-18T06:47:48","modified_gmt":"2025-03-18T05:47:48","slug":"poznaj-nas","status":"publish","type":"page","link":"https:\/\/udanabudowa.pl\/blog\/poznaj-nas\/","title":{"rendered":"Poznaj nas"},"content":{"rendered":"\n<div class=\"wp-block-columns are-vertically-aligned-top is-style-default is-layout-flex wp-container-2 wp-block-columns-is-layout-flex\">\n<div class=\"wp-block-column is-layout-flow wp-block-column-is-layout-flow\" style=\"flex-basis:100%\">\n<p>Cze\u015b\u0107! Mi\u0142o Ci\u0119 widzie\u0107! Zastanawiasz si\u0119, czym tak naprawd\u0119 jest Udana Budowa? To nasz autorski projekt, nap\u0119dzany 15-letnim do\u015bwiadczeniem w budowie. Wybudowali\u015bmy ponad 200 dom\u00f3w, a ka\u017cdy kolejny proces przynosi\u0142 nam gar\u015b\u0107 informacji i usprawnie\u0144, kt\u00f3re p\u00f3\u017aniej wcielane by\u0142y w \u017cycie. Dlatego tworz\u0105c Udan\u0105 Budow\u0119, naszym priorytetem jest przekazywanie niezb\u0119dnej wiedzy w przyst\u0119pny spos\u00f3b. Bo to przedsi\u0119wzi\u0119cie nie musi oznacza\u0107 g\u0142owy pe\u0142nej siwych w\u0142os\u00f3w i stresu, a kluczem do sukcesu jest solidny plan!&nbsp;<\/p>\n\n\n\n<p>Nie wiesz, od czego zacz\u0105\u0107? Sprawd\u017a naszego bloga, gdzie w prosty spos\u00f3b opisujemy ca\u0142y proces budowy. Znajdziesz tam praktyczne porady i usprawnienia, kt\u00f3re pomog\u0105 Ci zaplanowa\u0107 i zrealizowa\u0107 ka\u017cdy krok. Je\u015bli masz pytania, kt\u00f3rych nie znalaz\u0142e\u015b na blogu, napisz do nas, a my odpowiemy na nie w formie nowego wpisu.<\/p>\n\n\n\n<p>Nie lubisz czyta\u0107? Mamy co\u015b dla Ciebie! Nasze podcasty umil\u0105 Ci d\u0142ugie godziny sp\u0119dzone w korkach lub komunikacji miejskiej. Znajdziesz nas na Spotify \u2013 pos\u0142uchaj kilkunastominutowych odcink\u00f3w, w kt\u00f3rych omawiamy praktyczne aspekty budowy.<\/p>\n\n\n\n<p>Napisz do nas, a dowiesz si\u0119, jak prosta i przewidywalna mo\u017ce by\u0107 budowa twojego domu!<\/p>\n\n\n\n<p class=\"has-text-align-center\"><\/p>\n<\/div>\n<\/div>\n\n\n\n<figure class=\"wp-block-image size-large\"><img decoding=\"async\" loading=\"lazy\" width=\"1024\" height=\"512\" src=\"https:\/\/udanabudowa.pl\/wp-content\/uploads\/2025\/03\/Zdjecie-o-nas--1024x512.jpg\" alt=\"\" class=\"wp-image-692\" srcset=\"https:\/\/udanabudowa.pl\/blog\/wp-content\/uploads\/2025\/03\/Zdjecie-o-nas--1024x512.jpg 1024w, https:\/\/udanabudowa.pl\/blog\/wp-content\/uploads\/2025\/03\/Zdjecie-o-nas--300x150.jpg 300w, https:\/\/udanabudowa.pl\/blog\/wp-content\/uploads\/2025\/03\/Zdjecie-o-nas--768x384.jpg 768w, https:\/\/udanabudowa.pl\/blog\/wp-content\/uploads\/2025\/03\/Zdjecie-o-nas--1536x768.jpg 1536w, https:\/\/udanabudowa.pl\/blog\/wp-content\/uploads\/2025\/03\/Zdjecie-o-nas--2048x1024.jpg 2048w\" sizes=\"(max-width: 1024px) 100vw, 1024px\" \/><\/figure>\n","protected":false},"excerpt":{"rendered":"<p>Cze\u015b\u0107! Mi\u0142o Ci\u0119 widzie\u0107! Zastanawiasz si\u0119, czym tak naprawd\u0119 jest Udana Budowa? To nasz autorski projekt, nap\u0119dzany 15-letnim do\u015bwiadczeniem w budowie. Wybudowali\u015bmy ponad 200 dom\u00f3w, a ka\u017cdy kolejny proces przynosi\u0142 nam gar\u015b\u0107 informacji i usprawnie\u0144, kt\u00f3re p\u00f3\u017aniej wcielane by\u0142y w \u017cycie. Dlatego tworz\u0105c Udan\u0105 Budow\u0119, naszym priorytetem jest przekazywanie niezb\u0119dnej wiedzy w przyst\u0119pny spos\u00f3b. Bo [&hellip;]<\/p>\n","protected":false},"author":1,"featured_media":0,"parent":0,"menu_order":0,"comment_status":"closed","ping_status":"closed","template":"","meta":{"footnotes":""},"acf":[],"_links":{"self":[{"href":"https:\/\/udanabudowa.pl\/blog\/wp-json\/wp\/v2\/pages\/18"}],"collection":[{"href":"https:\/\/udanabudowa.pl\/blog\/wp-json\/wp\/v2\/pages"}],"about":[{"href":"https:\/\/udanabudowa.pl\/blog\/wp-json\/wp\/v2\/types\/page"}],"author":[{"embeddable":true,"href":"https:\/\/udanabudowa.pl\/blog\/wp-json\/wp\/v2\/users\/1"}],"replies":[{"embeddable":true,"href":"https:\/\/udanabudowa.pl\/blog\/wp-json\/wp\/v2\/comments?post=18"}],"version-history":[{"count":24,"href":"https:\/\/udanabudowa.pl\/blog\/wp-json\/wp\/v2\/pages\/18\/revisions"}],"predecessor-version":[{"id":693,"href":"https:\/\/udanabudowa.pl\/blog\/wp-json\/wp\/v2\/pages\/18\/revisions\/693"}],"wp:attachment":[{"href":"https:\/\/udanabudowa.pl\/blog\/wp-json\/wp\/v2\/media?parent=18"}],"curies":[{"name":"wp","href":"https:\/\/api.w.org\/{rel}","templated":true}]}}